{"id":36538,"date":"2021-04-07T15:43:00","date_gmt":"2021-04-07T13:43:00","guid":{"rendered":"https:\/\/www.maisondudrone.com\/produit\/parasol-de-pantalla-movil-cynova-para-control-remoto-dji-mavic-air-2-2s-y-mini-2\/"},"modified":"2026-03-17T09:00:34","modified_gmt":"2026-03-17T08:00:34","slug":"cynova-mobile-parasol-para-control-remoto-dji-mavic-air-2-mini-2","status":"publish","type":"product","link":"https:\/\/www.maisondudrone.com\/es\/produit\/dji-es\/mavic-air-2s-es\/cynova-mobile-parasol-para-control-remoto-dji-mavic-air-2-mini-2\/","title":{"rendered":"Parasol magn\u00e9tico de pantalla m\u00f3vil para mandos a distancia DJI RC-N1 \/ RC-N2 \/ RC-N3 (Mavic Air 2\/2S\/3\/3S \/ Mini 2\/2SE\/4K\/3\/3 Pro \/ Mavic 3)"},"content":{"rendered":"","protected":false},"excerpt":{"rendered":"<h2 class=\"thin-font\"><span style=\"font-size: 65%;color: #808080\">Dise\u00f1o magn\u00e9tico, plegable para un f\u00e1cil almacenamiento<\/p>\n<p>Instalaci\u00f3n sencilla y r\u00e1pida<br \/>Tama\u00f1o: 20 x 10,3 x 16,4 cm (desplegado)<br \/>Para controladores de radio DJI RC-N1 (DJI Mini 2 \/ Mini 2 SE \/ Mini 4K \/ Mini 3 \/ Mini 3 Pro \/ Mavic 3 \/ Air 2\/2S ), DJI RC-N2 (drones DJI Air 3\/3S \/ Mini 4 Pro) y DJI RC-N3 (drones DJI Neo \/ Air 3S)<\/span><\/h2>\n","protected":false},"featured_media":92479,"comment_status":"open","ping_status":"closed","template":"","meta":[],"product_brand":[],"product_cat":[1045,2891,4008,6047,2870,3297,4012,5731,3350,3940,3944,2890,2899,3866,3767,3192,4550],"product_tag":[1223,1088,1180,1183,1185,1332,1333,1109,1331,1334,1335,1087],"class_list":{"0":"post-36538","1":"product","2":"type-product","3":"status-publish","4":"has-post-thumbnail","6":"product_cat-accesorios","7":"product_cat-mavic-air-2s-es","8":"product_cat-air-3-es","9":"product_cat-dji-air-3s-es","10":"product_cat-dji-es","11":"product_cat-dji-rc-n1-es","12":"product_cat-dji-rc-n2-es","13":"product_cat-dji-rc-n3-es","14":"product_cat-dji-mavic-3-es","15":"product_cat-mavic-3-classic-es","16":"product_cat-mavic-3-pro-es","17":"product_cat-mavic-air-2-es","18":"product_cat-mavic-mini-2-es","19":"product_cat-mini-2-se-es","20":"product_cat-mini-3-es","21":"product_cat-mini-3-pro-es","22":"product_cat-mini-4k-es","23":"product_tag-aire-2","24":"product_tag-cuadricoptero","25":"product_tag-dji-es","26":"product_tag-mavic-es-2","27":"product_tag-mini-2-es","28":"product_tag-monitor-es","29":"product_tag-movil","30":"product_tag-oculto","31":"product_tag-pantalla","32":"product_tag-smartphone-es","33":"product_tag-visera","34":"product_tag-zumbido","36":"first","37":"instock","38":"taxable","39":"shipping-taxable","40":"purchasable","41":"product-type-simple"},"_links":{"self":[{"href":"https:\/\/www.maisondudrone.com\/es\/wp-json\/wp\/v2\/product\/36538","targetHints":{"allow":["GET"]}}],"collection":[{"href":"https:\/\/www.maisondudrone.com\/es\/wp-json\/wp\/v2\/product"}],"about":[{"href":"https:\/\/www.maisondudrone.com\/es\/wp-json\/wp\/v2\/types\/product"}],"replies":[{"embeddable":true,"href":"https:\/\/www.maisondudrone.com\/es\/wp-json\/wp\/v2\/comments?post=36538"}],"wp:featuredmedia":[{"embeddable":true,"href":"https:\/\/www.maisondudrone.com\/es\/wp-json\/wp\/v2\/media\/92479"}],"wp:attachment":[{"href":"https:\/\/www.maisondudrone.com\/es\/wp-json\/wp\/v2\/media?parent=36538"}],"wp:term":[{"taxonomy":"product_brand","embeddable":true,"href":"https:\/\/www.maisondudrone.com\/es\/wp-json\/wp\/v2\/product_brand?post=36538"},{"taxonomy":"product_cat","embeddable":true,"href":"https:\/\/www.maisondudrone.com\/es\/wp-json\/wp\/v2\/product_cat?post=36538"},{"taxonomy":"product_tag","embeddable":true,"href":"https:\/\/www.maisondudrone.com\/es\/wp-json\/wp\/v2\/product_tag?post=36538"}],"curies":[{"name":"wp","href":"https:\/\/api.w.org\/{rel}","templated":true}]}}