{"id":230768,"date":"2025-06-13T14:56:47","date_gmt":"2025-06-13T13:11:36","guid":{"rendered":"https:\/\/www.maisondudrone.com\/sin%20categor\u00eda\/cubiertas-de-barquilla-originales-para-dji-flip-juego-de-5-piezas\/"},"modified":"2026-03-17T08:24:54","modified_gmt":"2026-03-17T07:24:54","slug":"cubiertas-de-barquilla-originales-para-dji-flip-juego-de-5-piezas","status":"publish","type":"product","link":"https:\/\/www.maisondudrone.com\/es\/produit\/accesorios-y-repuestos-para-drones\/cascos-de-fuselaje\/cubiertas-de-barquilla-originales-para-dji-flip-juego-de-5-piezas\/","title":{"rendered":"Cubiertas de barquilla originales para DJI Flip &#8211; Juego de 5 piezas"},"content":{"rendered":"","protected":false},"excerpt":{"rendered":"<h2 class=\"thin-font\">\n  <span style=\"font-size: 65%;color: #808080\"><\/p>\n<ul>\n<li>Cubiertas de g\u00f3ndola originales, dise\u00f1adas para sustituir a las da\u00f1adas<\/li>\n<li>Juego de 5 piezas correspondientes a las distintas secciones de la g\u00f3ndola<\/li>\n<li>Compatibilidad: s\u00f3lo DJI Flip<\/li>\n<\/ul>\n<p>  <\/span><br \/>\n<\/h2>\n","protected":false},"featured_media":230581,"comment_status":"open","ping_status":"closed","template":"","meta":[],"product_brand":[],"product_cat":[1062,2870,6792],"product_tag":[],"class_list":{"0":"post-230768","1":"product","2":"type-product","3":"status-publish","4":"has-post-thumbnail","6":"product_cat-cascos-de-fuselaje","7":"product_cat-dji-es","8":"product_cat-dji-flip-es","10":"first","11":"instock","12":"taxable","13":"shipping-taxable","14":"purchasable","15":"product-type-simple"},"_links":{"self":[{"href":"https:\/\/www.maisondudrone.com\/es\/wp-json\/wp\/v2\/product\/230768","targetHints":{"allow":["GET"]}}],"collection":[{"href":"https:\/\/www.maisondudrone.com\/es\/wp-json\/wp\/v2\/product"}],"about":[{"href":"https:\/\/www.maisondudrone.com\/es\/wp-json\/wp\/v2\/types\/product"}],"replies":[{"embeddable":true,"href":"https:\/\/www.maisondudrone.com\/es\/wp-json\/wp\/v2\/comments?post=230768"}],"wp:featuredmedia":[{"embeddable":true,"href":"https:\/\/www.maisondudrone.com\/es\/wp-json\/wp\/v2\/media\/230581"}],"wp:attachment":[{"href":"https:\/\/www.maisondudrone.com\/es\/wp-json\/wp\/v2\/media?parent=230768"}],"wp:term":[{"taxonomy":"product_brand","embeddable":true,"href":"https:\/\/www.maisondudrone.com\/es\/wp-json\/wp\/v2\/product_brand?post=230768"},{"taxonomy":"product_cat","embeddable":true,"href":"https:\/\/www.maisondudrone.com\/es\/wp-json\/wp\/v2\/product_cat?post=230768"},{"taxonomy":"product_tag","embeddable":true,"href":"https:\/\/www.maisondudrone.com\/es\/wp-json\/wp\/v2\/product_tag?post=230768"}],"curies":[{"name":"wp","href":"https:\/\/api.w.org\/{rel}","templated":true}]}}