{"id":144047,"date":"2023-05-29T14:50:01","date_gmt":"2023-05-29T13:16:20","guid":{"rendered":"https:\/\/www.maisondudrone.com\/sin%20categor\u00eda\/lentes-correctoras-de-miopia-para-el-casco-de-realidad-virtual-playstation-vr2\/"},"modified":"2026-03-17T08:39:00","modified_gmt":"2026-03-17T07:39:00","slug":"lentes-correctoras-de-miopia-para-auriculares-vr-playstation-vr2","status":"publish","type":"product","link":"https:\/\/www.maisondudrone.com\/es\/produit\/casques-vr-es\/playstation-vr2-es\/lentes-correctoras-de-miopia-para-auriculares-vr-playstation-vr2\/","title":{"rendered":"Lentes correctoras de miop\u00eda para el casco de realidad virtual PlayStation VR2"},"content":{"rendered":"","protected":false},"excerpt":{"rendered":"<h2 class=\"thin-font\"><span style=\"font-size: 65%;color: #808080\">Objetivos profesionales de alta calidad<br \/>Lentes asf\u00e9ricas de resina: m\u00e1s finas y luminosas que las esf\u00e9ricas<br \/>Reduce la aberraci\u00f3n y la distorsi\u00f3n para obtener un campo de visi\u00f3n m\u00e1s claro y amplio<br \/>Se suministra con caja met\u00e1lica<br \/>Peso neto: 30 g el par<br \/>Dise\u00f1ado espec\u00edficamente para PlayStation VR2<\/span><\/h2>\n","protected":false},"featured_media":143932,"comment_status":"open","ping_status":"closed","template":"","meta":[],"product_brand":[],"product_cat":[3949],"product_tag":[],"class_list":{"0":"post-144047","1":"product","2":"type-product","3":"status-publish","4":"has-post-thumbnail","6":"product_cat-playstation-vr2-es","8":"first","9":"instock","10":"taxable","11":"shipping-taxable","12":"purchasable","13":"product-type-variable"},"_links":{"self":[{"href":"https:\/\/www.maisondudrone.com\/es\/wp-json\/wp\/v2\/product\/144047","targetHints":{"allow":["GET"]}}],"collection":[{"href":"https:\/\/www.maisondudrone.com\/es\/wp-json\/wp\/v2\/product"}],"about":[{"href":"https:\/\/www.maisondudrone.com\/es\/wp-json\/wp\/v2\/types\/product"}],"replies":[{"embeddable":true,"href":"https:\/\/www.maisondudrone.com\/es\/wp-json\/wp\/v2\/comments?post=144047"}],"wp:featuredmedia":[{"embeddable":true,"href":"https:\/\/www.maisondudrone.com\/es\/wp-json\/wp\/v2\/media\/143932"}],"wp:attachment":[{"href":"https:\/\/www.maisondudrone.com\/es\/wp-json\/wp\/v2\/media?parent=144047"}],"wp:term":[{"taxonomy":"product_brand","embeddable":true,"href":"https:\/\/www.maisondudrone.com\/es\/wp-json\/wp\/v2\/product_brand?post=144047"},{"taxonomy":"product_cat","embeddable":true,"href":"https:\/\/www.maisondudrone.com\/es\/wp-json\/wp\/v2\/product_cat?post=144047"},{"taxonomy":"product_tag","embeddable":true,"href":"https:\/\/www.maisondudrone.com\/es\/wp-json\/wp\/v2\/product_tag?post=144047"}],"curies":[{"name":"wp","href":"https:\/\/api.w.org\/{rel}","templated":true}]}}