{"id":264145,"date":"2026-04-25T20:38:42","date_gmt":"2026-04-25T18:38:42","guid":{"rendered":"https:\/\/www.maisondudrone.com\/produit\/unkategorisiert\/startrc-transporttasche-mit-schulterriemen-fuer-dji-lito-1-lito-x1-mit-rc-n3\/"},"modified":"2026-04-25T20:47:41","modified_gmt":"2026-04-25T18:47:41","slug":"startrc-transporttasche-mit-schulterriemen-fuer-dji-lito-1-lito-x1-mit-rc-n3","status":"publish","type":"product","link":"https:\/\/www.maisondudrone.com\/de\/produit\/dji-de\/dji-lito-1\/startrc-transporttasche-mit-schulterriemen-fuer-dji-lito-1-lito-x1-mit-rc-n3\/","title":{"rendered":"StartRC Transporttasche mit Schulterriemen f\u00fcr DJI Lito 1 \/ Lito X1 mit RC-N3"},"content":{"rendered":"","protected":false},"excerpt":{"rendered":"<h2 class=\"thin-font\"><span style=\"font-size: 65%; color: #808080;\"><\/p>\n<ul>\n<li><strong>Organisierte Aufbewahrung<\/strong>: Spezielle F\u00e4cher f\u00fcr Drohne, RC-N Fernbedienung, Ladestation, Ladeger\u00e4t und Zubeh\u00f6r<\/li>\n<li><strong>Netztasche mit Rei\u00dfverschluss<\/strong>: sichere Aufbewahrung von Kabeln, Propellern und kleinem Zubeh\u00f6r<\/li>\n<li><strong>Materialien<\/strong>: Au\u00dfenseite aus wasser- und verschlei\u00dffestem PU mit hoher Dichte, Innenseite aus weichem, kratzfestem Lycra<\/li>\n<li><strong>Schutz<\/strong>: Verst\u00e4rkte Struktur mit sto\u00dfd\u00e4mpfendem Schaumstoff, um Vibrationen und Reibung zu reduzieren.<\/li>\n<li><strong>Transport<\/strong>: Griff und Schultergurt zum Tragen in der Hand oder \u00fcber der Schulter<\/li>\n<li><strong>Verschluss<\/strong>: Doppelter Rei\u00dfverschluss f\u00fcr schnellen Zugriff<\/li>\n<li><strong>Abmessungen \/ Gewicht<\/strong>: 33 x 8,5 x 24 cm <strong>|<\/strong> 635 g<\/li>\n<li><strong>Kompatibilit\u00e4t<\/strong>: DJI Lito 1 \/ Lito X1 mit Fernsteuerung RC-N1, RC-N2 oder RC-N3 (FlyMore-Paket)<\/li>\n<\/ul>\n<p><\/span><\/h2>\n","protected":false},"featured_media":264095,"comment_status":"open","ping_status":"closed","template":"","meta":[],"product_brand":[],"product_cat":[2867,10534,10538,10373],"product_tag":[],"class_list":{"0":"post-264145","1":"product","2":"type-product","3":"status-publish","4":"has-post-thumbnail","6":"product_cat-dji-de","7":"product_cat-dji-lito-1","8":"product_cat-dji-lito-x1","9":"product_cat-transport-taschen-koffer-fur-drohnen","11":"first","12":"instock","13":"taxable","14":"shipping-taxable","15":"purchasable","16":"product-type-simple"},"_links":{"self":[{"href":"https:\/\/www.maisondudrone.com\/de\/wp-json\/wp\/v2\/product\/264145","targetHints":{"allow":["GET"]}}],"collection":[{"href":"https:\/\/www.maisondudrone.com\/de\/wp-json\/wp\/v2\/product"}],"about":[{"href":"https:\/\/www.maisondudrone.com\/de\/wp-json\/wp\/v2\/types\/product"}],"replies":[{"embeddable":true,"href":"https:\/\/www.maisondudrone.com\/de\/wp-json\/wp\/v2\/comments?post=264145"}],"wp:featuredmedia":[{"embeddable":true,"href":"https:\/\/www.maisondudrone.com\/de\/wp-json\/wp\/v2\/media\/264095"}],"wp:attachment":[{"href":"https:\/\/www.maisondudrone.com\/de\/wp-json\/wp\/v2\/media?parent=264145"}],"wp:term":[{"taxonomy":"product_brand","embeddable":true,"href":"https:\/\/www.maisondudrone.com\/de\/wp-json\/wp\/v2\/product_brand?post=264145"},{"taxonomy":"product_cat","embeddable":true,"href":"https:\/\/www.maisondudrone.com\/de\/wp-json\/wp\/v2\/product_cat?post=264145"},{"taxonomy":"product_tag","embeddable":true,"href":"https:\/\/www.maisondudrone.com\/de\/wp-json\/wp\/v2\/product_tag?post=264145"}],"curies":[{"name":"wp","href":"https:\/\/api.w.org\/{rel}","templated":true}]}}