{"id":263935,"date":"2026-04-15T13:33:22","date_gmt":"2026-04-15T11:33:22","guid":{"rendered":"https:\/\/www.maisondudrone.com\/produit\/unkategorisiert\/heckflosse-stabilisator-fuer-dji-avata-360\/"},"modified":"2026-04-15T13:39:42","modified_gmt":"2026-04-15T11:39:42","slug":"heckflosse-stabilisator-fuer-dji-avata-360","status":"publish","type":"product","link":"https:\/\/www.maisondudrone.com\/de\/produit\/dji-de\/dji-avata-360\/heckflosse-stabilisator-fuer-dji-avata-360\/","title":{"rendered":"Heckflosse Stabilisator f\u00fcr DJI Avata 360"},"content":{"rendered":"","protected":false},"excerpt":{"rendered":"<h2 class=\"thin-font\"><span style=\"font-size: 65%; color: #808080;\"><\/p>\n<ul>\n<li><strong>Flugstabilit\u00e4t<\/strong>: Heckflosse zur Verbesserung des Gleichgewichts und der Flugbahn der Drohne.<\/li>\n<li><strong>Optimierte Aerodynamik<\/strong>: Reduziert den Luftwiderstand f\u00fcr einen fl\u00fcssigeren und m\u00f6glicherweise schnelleren Flug.<\/li>\n<li><strong>Schnelle Installation<\/strong>: werkzeugloses Clip-Befestigungssystem, einfache Montage und Demontage<\/li>\n<li><strong>Leichtes Design<\/strong>: 5,4 g Gewicht ohne Einfluss auf die Leistung der Drohne<\/li>\n<li><strong>Abmessungen<\/strong>: 6.7 x 4 x 2 cm &#8211; 5.4 g<\/li>\n<li>Kompatibilit\u00e4t: DJI Avata 360<\/li>\n<\/ul>\n<p><\/span><\/h2>\n","protected":false},"featured_media":263867,"comment_status":"open","ping_status":"closed","template":"","meta":[],"product_brand":[],"product_cat":[10359,2867,10332],"product_tag":[],"class_list":{"0":"post-263935","1":"product","2":"type-product","3":"status-publish","4":"has-post-thumbnail","6":"product_cat-dji-avata-360","7":"product_cat-dji-de","8":"product_cat-zubehor","10":"first","11":"instock","12":"taxable","13":"shipping-taxable","14":"purchasable","15":"product-type-variable"},"_links":{"self":[{"href":"https:\/\/www.maisondudrone.com\/de\/wp-json\/wp\/v2\/product\/263935","targetHints":{"allow":["GET"]}}],"collection":[{"href":"https:\/\/www.maisondudrone.com\/de\/wp-json\/wp\/v2\/product"}],"about":[{"href":"https:\/\/www.maisondudrone.com\/de\/wp-json\/wp\/v2\/types\/product"}],"replies":[{"embeddable":true,"href":"https:\/\/www.maisondudrone.com\/de\/wp-json\/wp\/v2\/comments?post=263935"}],"wp:featuredmedia":[{"embeddable":true,"href":"https:\/\/www.maisondudrone.com\/de\/wp-json\/wp\/v2\/media\/263867"}],"wp:attachment":[{"href":"https:\/\/www.maisondudrone.com\/de\/wp-json\/wp\/v2\/media?parent=263935"}],"wp:term":[{"taxonomy":"product_brand","embeddable":true,"href":"https:\/\/www.maisondudrone.com\/de\/wp-json\/wp\/v2\/product_brand?post=263935"},{"taxonomy":"product_cat","embeddable":true,"href":"https:\/\/www.maisondudrone.com\/de\/wp-json\/wp\/v2\/product_cat?post=263935"},{"taxonomy":"product_tag","embeddable":true,"href":"https:\/\/www.maisondudrone.com\/de\/wp-json\/wp\/v2\/product_tag?post=263935"}],"curies":[{"name":"wp","href":"https:\/\/api.w.org\/{rel}","templated":true}]}}