{"id":144029,"date":"2023-05-29T14:50:01","date_gmt":"2023-05-29T13:15:54","guid":{"rendered":"https:\/\/www.maisondudrone.com\/unkategorisiert\/kurzsichtigkeits-korrekturlinsen-fuer-das-vr-headset-playstation-vr2\/"},"modified":"2026-03-17T08:39:00","modified_gmt":"2026-03-17T07:39:00","slug":"linsen-glaser-zur-myopie-korrektur-fur-vr-playstation-vr2-kameras","status":"publish","type":"product","link":"https:\/\/www.maisondudrone.com\/de\/produit\/casques-vr-de\/playstation-vr2-de\/linsen-glaser-zur-myopie-korrektur-fur-vr-playstation-vr2-kameras\/","title":{"rendered":"Kurzsichtigkeits-Korrekturlinsen f\u00fcr das VR-Headset PlayStation VR2"},"content":{"rendered":"","protected":false},"excerpt":{"rendered":"<h2 class=\"thin-font\"><span style=\"font-size: 65%;color: #808080\">Hochwertige professionelle Linsen<br \/>Asph\u00e4rische Linsen aus Harz: d\u00fcnner und heller als sph\u00e4rische Linsen<br \/>Reduzieren Aberrationen und Verzerrungen f\u00fcr ein klareres und breiteres Sichtfeld<br \/>Geliefert mit Metallaufbewahrungsbox<br \/>Nettogewicht: 30g pro Paar<br \/>Speziell f\u00fcr PlayStation VR2 entwickelt<\/span><\/h2>\n","protected":false},"featured_media":143930,"comment_status":"open","ping_status":"closed","template":"","meta":[],"product_brand":[],"product_cat":[3947],"product_tag":[],"class_list":{"0":"post-144029","1":"product","2":"type-product","3":"status-publish","4":"has-post-thumbnail","6":"product_cat-playstation-vr2-de","8":"first","9":"instock","10":"taxable","11":"shipping-taxable","12":"purchasable","13":"product-type-variable"},"_links":{"self":[{"href":"https:\/\/www.maisondudrone.com\/de\/wp-json\/wp\/v2\/product\/144029","targetHints":{"allow":["GET"]}}],"collection":[{"href":"https:\/\/www.maisondudrone.com\/de\/wp-json\/wp\/v2\/product"}],"about":[{"href":"https:\/\/www.maisondudrone.com\/de\/wp-json\/wp\/v2\/types\/product"}],"replies":[{"embeddable":true,"href":"https:\/\/www.maisondudrone.com\/de\/wp-json\/wp\/v2\/comments?post=144029"}],"wp:featuredmedia":[{"embeddable":true,"href":"https:\/\/www.maisondudrone.com\/de\/wp-json\/wp\/v2\/media\/143930"}],"wp:attachment":[{"href":"https:\/\/www.maisondudrone.com\/de\/wp-json\/wp\/v2\/media?parent=144029"}],"wp:term":[{"taxonomy":"product_brand","embeddable":true,"href":"https:\/\/www.maisondudrone.com\/de\/wp-json\/wp\/v2\/product_brand?post=144029"},{"taxonomy":"product_cat","embeddable":true,"href":"https:\/\/www.maisondudrone.com\/de\/wp-json\/wp\/v2\/product_cat?post=144029"},{"taxonomy":"product_tag","embeddable":true,"href":"https:\/\/www.maisondudrone.com\/de\/wp-json\/wp\/v2\/product_tag?post=144029"}],"curies":[{"name":"wp","href":"https:\/\/api.w.org\/{rel}","templated":true}]}}