{"id":138913,"date":"2023-04-14T11:53:01","date_gmt":"2023-04-14T09:58:24","guid":{"rendered":"https:\/\/www.maisondudrone.com\/unkategorisiert\/sunnylife-aufbewahrungstasche-fuer-kamerastabilisator-insta360-flow\/"},"modified":"2026-03-17T08:40:20","modified_gmt":"2026-03-17T07:40:20","slug":"sunnylife-stabilisator-kameratasche-insta360-flow","status":"publish","type":"product","link":"https:\/\/www.maisondudrone.com\/de\/produit\/stabilisatoren-kamera\/insta360-flow-de\/sunnylife-stabilisator-kameratasche-insta360-flow\/","title":{"rendered":"Sunnylife Aufbewahrungstasche f\u00fcr Insta360 Flow \/ Flow Pro Kamerastabilisator"},"content":{"rendered":"","protected":false},"excerpt":{"rendered":"<h2 class=\"thin-font\"><span style=\"font-size: 65%;color: #808080\">Pl\u00e4tze f\u00fcr den Insta360 Flow Stabilisator, das Stativ und den Telefonclip<br \/>Mit einer Innentasche mit Rei\u00dfverschluss f\u00fcr kleines Zubeh\u00f6r (Kabel usw.)<br \/>Harte, sto\u00df- und druckfeste Au\u00dfenschale<br \/>Innenfutter aus weichem Wildleder<br \/>Mit integrierter Handschlaufe<br \/>Nettogewicht: 240g<br \/>Abmessungen: 207 x 167 x 74 mm<br \/>Speziell f\u00fcr die Kamerastabilisatoren Insta360 Flow und Flow Pro entwickelt.<\/span><\/h2>\n","protected":false},"featured_media":138858,"comment_status":"open","ping_status":"closed","template":"","meta":[],"product_brand":[],"product_cat":[3932,5361],"product_tag":[],"class_list":{"0":"post-138913","1":"product","2":"type-product","3":"status-publish","4":"has-post-thumbnail","6":"product_cat-insta360-flow-de","7":"product_cat-insta360-flow-pro-de","9":"first","10":"instock","11":"taxable","12":"shipping-taxable","13":"purchasable","14":"product-type-simple"},"_links":{"self":[{"href":"https:\/\/www.maisondudrone.com\/de\/wp-json\/wp\/v2\/product\/138913","targetHints":{"allow":["GET"]}}],"collection":[{"href":"https:\/\/www.maisondudrone.com\/de\/wp-json\/wp\/v2\/product"}],"about":[{"href":"https:\/\/www.maisondudrone.com\/de\/wp-json\/wp\/v2\/types\/product"}],"replies":[{"embeddable":true,"href":"https:\/\/www.maisondudrone.com\/de\/wp-json\/wp\/v2\/comments?post=138913"}],"wp:featuredmedia":[{"embeddable":true,"href":"https:\/\/www.maisondudrone.com\/de\/wp-json\/wp\/v2\/media\/138858"}],"wp:attachment":[{"href":"https:\/\/www.maisondudrone.com\/de\/wp-json\/wp\/v2\/media?parent=138913"}],"wp:term":[{"taxonomy":"product_brand","embeddable":true,"href":"https:\/\/www.maisondudrone.com\/de\/wp-json\/wp\/v2\/product_brand?post=138913"},{"taxonomy":"product_cat","embeddable":true,"href":"https:\/\/www.maisondudrone.com\/de\/wp-json\/wp\/v2\/product_cat?post=138913"},{"taxonomy":"product_tag","embeddable":true,"href":"https:\/\/www.maisondudrone.com\/de\/wp-json\/wp\/v2\/product_tag?post=138913"}],"curies":[{"name":"wp","href":"https:\/\/api.w.org\/{rel}","templated":true}]}}